{"id":14288,"date":"2024-12-19T16:23:44","date_gmt":"2024-12-19T15:23:44","guid":{"rendered":"https:\/\/www.pipedesign.it\/catalogo\/"},"modified":"2025-11-20T22:56:54","modified_gmt":"2025-11-20T21:56:54","slug":"catalogue","status":"publish","type":"page","link":"https:\/\/www.pipedesign.it\/fr\/catalogue\/","title":{"rendered":"CATALOGUE"},"content":{"rendered":"<div class=\"wpb-content-wrapper\"><p>[vc_row][vc_column][vc_empty_space height=\u00a0\u00bb25px\u00a0\u00bb][\/vc_column][\/vc_row][vc_row][vc_column width=\u00a0\u00bb1\/2&Prime;][vc_single_image image=\u00a0\u00bb13612&Prime; img_size=\u00a0\u00bbfull\u00a0\u00bb alignment=\u00a0\u00bbcenter\u00a0\u00bb css=\u00a0\u00bb\u00a0\u00bb][\/vc_column][vc_column width=\u00a0\u00bb1\/2&Prime;][vc_empty_space height=\u00a0\u00bb25px\u00a0\u00bb][vc_column_text css=\u00a0\u00bb\u00a0\u00bb]  \n  \n  <div class=\"\n    mailpoet_form_popup_overlay\n      \"><\/div>\n  <div\n    id=\"mailpoet_form_9\"\n    class=\"\n      mailpoet_form\n      mailpoet_form_shortcode\n      mailpoet_form_position_\n      mailpoet_form_animation_\n    \"\n      >\n\n    <style type=\"text\/css\">\n     #mailpoet_form_9 .mailpoet_form {  }\n#mailpoet_form_9 .mailpoet_paragraph { line-height: 20px; }\n#mailpoet_form_9 .mailpoet_segment_label, #mailpoet_form_9 .mailpoet_text_label, #mailpoet_form_9 .mailpoet_textarea_label, #mailpoet_form_9 .mailpoet_select_label, #mailpoet_form_9 .mailpoet_radio_label, #mailpoet_form_9 .mailpoet_checkbox_label, #mailpoet_form_9 .mailpoet_list_label, #mailpoet_form_9 .mailpoet_date_label { display: block; font-weight: bold; }\n#mailpoet_form_9 .mailpoet_text, #mailpoet_form_9 .mailpoet_textarea, #mailpoet_form_9 .mailpoet_select, #mailpoet_form_9 .mailpoet_date_month, #mailpoet_form_9 .mailpoet_date_day, #mailpoet_form_9 .mailpoet_date_year, #mailpoet_form_9 .mailpoet_date { display: block; }\n#mailpoet_form_9 .mailpoet_text, #mailpoet_form_9 .mailpoet_textarea { width: 200px; }\n#mailpoet_form_9 .mailpoet_checkbox {  }\n#mailpoet_form_9 .mailpoet_submit input {  }\n#mailpoet_form_9 .mailpoet_divider {  }\n#mailpoet_form_9 .mailpoet_message {  }\n#mailpoet_form_9 .mailpoet_validate_success { font-weight: 600; color: #468847; }\n#mailpoet_form_9 .mailpoet_validate_error { color: #b94a48; }\n#mailpoet_form_9 .mailpoet_form_loading { width: 30px; text-align: center; line-height: normal; }\n#mailpoet_form_9 .mailpoet_form_loading > span { width: 5px; height: 5px; background-color: #5b5b5b; }#mailpoet_form_9{border-radius: 0px;text-align: left;}#mailpoet_form_9 form.mailpoet_form {padding: 20px;}#mailpoet_form_9{width: 100%;}#mailpoet_form_9 .mailpoet_message {margin: 0; padding: 0 20px;}#mailpoet_form_9 .mailpoet_paragraph.last {margin-bottom: 0} @media (max-width: 500px) {#mailpoet_form_9 {background-image: none;}} @media (min-width: 500px) {#mailpoet_form_9 .last .mailpoet_paragraph:last-child {margin-bottom: 0}}  @media (max-width: 500px) {#mailpoet_form_9 .mailpoet_form_column:last-child .mailpoet_paragraph:last-child {margin-bottom: 0}} \n    <\/style>\n\n    <form\n      target=\"_self\"\n      method=\"post\"\n      action=\"https:\/\/www.pipedesign.it\/wp-admin\/admin-post.php?action=mailpoet_subscription_form\"\n      class=\"mailpoet_form mailpoet_form_form mailpoet_form_shortcode\"\n      novalidate\n      data-delay=\"\"\n      data-exit-intent-enabled=\"\"\n      data-font-family=\"\"\n      data-cookie-expiration-time=\"\"\n    >\n      <input type=\"hidden\" name=\"data[form_id]\" value=\"9\" \/>\n      <input type=\"hidden\" name=\"token\" value=\"b2a288ab6a\" \/>\n      <input type=\"hidden\" name=\"api_version\" value=\"v1\" \/>\n      <input type=\"hidden\" name=\"endpoint\" value=\"subscribers\" \/>\n      <input type=\"hidden\" name=\"mailpoet_method\" value=\"subscribe\" \/>\n\n      <label class=\"mailpoet_hp_email_label\" style=\"display: none !important;\">Veuillez laisser ce champ vide<input type=\"email\" name=\"data[email]\"\/><\/label><div class=\"mailpoet_paragraph \"><input type=\"text\" autocomplete=\"given-name\" class=\"mailpoet_text\" id=\"form_first_name_9\" name=\"data[form_field_ZjEyYjUxZDdjZTY5X2ZpcnN0X25hbWU=]\" title=\"Pr\u00e9nom\" value=\"\" style=\"width:100%;box-sizing:border-box;padding:5px;margin: 0 auto 0 0;\" data-automation-id=\"form_first_name\"  placeholder=\"Pr\u00e9nom *\" aria-label=\"Pr\u00e9nom *\" data-parsley-errors-container=\".mailpoet_error_s61yg\" data-parsley-names='[&quot;Veuillez sp\u00e9cifier un nom valide.&quot;,&quot;Les adresses dans les noms ne sont pas autoris\u00e9es, veuillez ajouter votre nom \u00e0 la place.&quot;]' data-parsley-required=\"true\" required aria-required=\"true\" data-parsley-required-message=\"Ce champ est n\u00e9cessaire.\"\/><span class=\"mailpoet_error_s61yg\"><\/span><\/div>\n<div class=\"mailpoet_paragraph \"><input type=\"text\" autocomplete=\"family-name\" class=\"mailpoet_text\" id=\"form_last_name_9\" name=\"data[form_field_MmYzNjFjNDE1NDlhX2xhc3RfbmFtZQ==]\" title=\"Nom de famille\" value=\"\" style=\"width:100%;box-sizing:border-box;padding:5px;margin: 0 auto 0 0;\" data-automation-id=\"form_last_name\"  placeholder=\"Nom de famille *\" aria-label=\"Nom de famille *\" data-parsley-errors-container=\".mailpoet_error_1n6dj\" data-parsley-names='[&quot;Veuillez sp\u00e9cifier un nom valide.&quot;,&quot;Les adresses dans les noms ne sont pas autoris\u00e9es, veuillez ajouter votre nom \u00e0 la place.&quot;]' data-parsley-required=\"true\" required aria-required=\"true\" data-parsley-required-message=\"Ce champ est n\u00e9cessaire.\"\/><span class=\"mailpoet_error_1n6dj\"><\/span><\/div>\n<div class=\"mailpoet_paragraph \"><input type=\"email\" autocomplete=\"email\" class=\"mailpoet_text\" id=\"form_email_9\" name=\"data[form_field_OWU5MGJjMmJkYzZiX2VtYWls]\" title=\"E-mail\" value=\"\" style=\"width:100%;box-sizing:border-box;padding:5px;margin: 0 auto 0 0;\" data-automation-id=\"form_email\"  placeholder=\"E-mail *\" aria-label=\"E-mail *\" data-parsley-errors-container=\".mailpoet_error_mou72\" data-parsley-required=\"true\" required aria-required=\"true\" data-parsley-minlength=\"6\" data-parsley-maxlength=\"150\" data-parsley-type-message=\"Cette valeur doit \u00eatre un e-mail valide.\" data-parsley-required-message=\"Ce champ est n\u00e9cessaire.\"\/><span class=\"mailpoet_error_mou72\"><\/span><\/div>\n<div class=\"mailpoet_paragraph \"><input type=\"submit\" class=\"mailpoet_submit\" value=\"T\u00c9L\u00c9CHARGER LE CATALOGUE !\" data-automation-id=\"subscribe-submit-button\" style=\"width:100%;box-sizing:border-box;background-color:#000000;border-style:solid;border-radius:0px !important;border-width:1px;border-color:#000000;padding:5px;margin: 0 auto 0 0;font-size:NaN;line-height:1.5;height:auto;color:#ffffff;\" \/><span class=\"mailpoet_form_loading\"><span class=\"mailpoet_bounce1\"><\/span><span class=\"mailpoet_bounce2\"><\/span><span class=\"mailpoet_bounce3\"><\/span><\/span><\/div>\n<div class=\"mailpoet_paragraph \"><fieldset><input type=\"hidden\" value=\"1\"  name=\"data[cf_1]\" \/><label class=\"mailpoet_checkbox_label\" for=\"mailpoet_checkbox_1\" ><input type=\"checkbox\" class=\"mailpoet_checkbox\" id=\"mailpoet_checkbox_1\" name=\"data[cf_1]\" value=\"1\" checked=\"checked\"data-parsley-errors-container=\".mailpoet_error_oh779\" data-parsley-required=\"true\" required aria-required=\"true\" data-parsley-required-message=\"Ce champ est n\u00e9cessaire.\" data-parsley-group=\"custom_field_1\" \/> I declare that I have read the <a href=\"https:\/\/www.pipedesign.it\/privacy-policy\/\" target=\"_blank\">Privacy Policy<\/a>.<\/label><\/fieldset><span class=\"mailpoet_error_oh779\"><\/span><\/div>\n\n      <div class=\"mailpoet_message\">\n        <p class=\"mailpoet_validate_success\"\n                style=\"display:none;\"\n                >Consultez votre bo\u00eete de r\u00e9ception ou votre dossier de courriers ind\u00e9sirables, vous recevrez un courriel confirmant votre abonnement et contenant le lien pour t\u00e9l\u00e9charger le CATALOGUE.\n        <\/p>\n        <p class=\"mailpoet_validate_error\"\n                style=\"display:none;\"\n                >        <\/p>\n      <\/div>\n    <\/form>\n\n      <\/div>\n\n  [\/vc_column_text][\/vc_column][\/vc_row][vc_row][vc_column][vc_empty_space height=\u00a0\u00bb25px\u00a0\u00bb][\/vc_column][\/vc_row]<\/p>\n<\/div>","protected":false},"excerpt":{"rendered":"<p>[vc_row][vc_column][vc_empty_space height=\u00a0\u00bb25px\u00a0\u00bb][\/vc_column][\/vc_row][vc_row][vc_column width=\u00a0\u00bb1\/2&Prime;][vc_single_image image=\u00a0\u00bb13612&Prime; img_size=\u00a0\u00bbfull\u00a0\u00bb alignment=\u00a0\u00bbcenter\u00a0\u00bb css=\u00a0\u00bb\u00a0\u00bb][\/vc_column][vc_column width=\u00a0\u00bb1\/2&Prime;][vc_empty_space height=\u00a0\u00bb25px\u00a0\u00bb][vc_column_text css=\u00a0\u00bb\u00a0\u00bb][\/vc_column_text][\/vc_column][\/vc_row][vc_row][vc_column][vc_empty_space height=\u00a0\u00bb25px\u00a0\u00bb][\/vc_column][\/vc_row]<\/p>\n","protected":false},"author":2,"featured_media":0,"parent":0,"menu_order":0,"comment_status":"closed","ping_status":"closed","template":"","meta":{"_acf_changed":false,"_monsterinsights_skip_tracking":false,"_monsterinsights_sitenote_active":false,"_monsterinsights_sitenote_note":"","_monsterinsights_sitenote_category":0,"footnotes":""},"class_list":["post-14288","page","type-page","status-publish","hentry"],"acf":[],"yoast_head":"<!-- This site is optimized with the Yoast SEO plugin v26.5 - https:\/\/yoast.com\/wordpress\/plugins\/seo\/ -->\n<title>CATALOGUE | PIPEDESIGN PURESHAPE<\/title>\n<meta name=\"description\" content=\"Inscrivez-vous \u00e0 notre liste de t\u00e9l\u00e9chargement de catalogues. Vous recevrez un courriel contenant un lien pour t\u00e9l\u00e9charger le nouveau catalogue PIPEDESIGN.\" \/>\n<meta name=\"robots\" content=\"index, follow, max-snippet:-1, max-image-preview:large, max-video-preview:-1\" \/>\n<link rel=\"canonical\" href=\"https:\/\/www.pipedesign.it\/fr\/catalogue\/\" \/>\n<meta property=\"og:locale\" content=\"fr_FR\" \/>\n<meta property=\"og:type\" content=\"article\" \/>\n<meta property=\"og:title\" content=\"CATALOGUE | PIPEDESIGN PURESHAPE\" \/>\n<meta property=\"og:description\" content=\"Inscrivez-vous \u00e0 notre liste de t\u00e9l\u00e9chargement de catalogues. Vous recevrez un courriel contenant un lien pour t\u00e9l\u00e9charger le nouveau catalogue PIPEDESIGN.\" \/>\n<meta property=\"og:url\" content=\"https:\/\/www.pipedesign.it\/fr\/catalogue\/\" \/>\n<meta property=\"og:site_name\" content=\"PIPEDESIGN PURESHAPE\" \/>\n<meta property=\"article:modified_time\" content=\"2025-11-20T21:56:54+00:00\" \/>\n<meta property=\"og:image\" content=\"https:\/\/www.pipedesign.it\/wp-content\/uploads\/2023\/02\/pipedesign_192.png\" \/>\n\t<meta property=\"og:image:width\" content=\"192\" \/>\n\t<meta property=\"og:image:height\" content=\"192\" \/>\n\t<meta property=\"og:image:type\" content=\"image\/png\" \/>\n<meta name=\"twitter:card\" content=\"summary_large_image\" \/>\n<meta name=\"twitter:label1\" content=\"Dur\u00e9e de lecture estim\u00e9e\" \/>\n\t<meta name=\"twitter:data1\" content=\"1 minute\" \/>\n<script type=\"application\/ld+json\" class=\"yoast-schema-graph\">{\"@context\":\"https:\/\/schema.org\",\"@graph\":[{\"@type\":\"WebPage\",\"@id\":\"https:\/\/www.pipedesign.it\/fr\/catalogue\/\",\"url\":\"https:\/\/www.pipedesign.it\/fr\/catalogue\/\",\"name\":\"CATALOGUE | PIPEDESIGN PURESHAPE\",\"isPartOf\":{\"@id\":\"https:\/\/www.pipedesign.it\/fr\/#website\"},\"datePublished\":\"2024-12-19T15:23:44+00:00\",\"dateModified\":\"2025-11-20T21:56:54+00:00\",\"description\":\"Inscrivez-vous \u00e0 notre liste de t\u00e9l\u00e9chargement de catalogues. Vous recevrez un courriel contenant un lien pour t\u00e9l\u00e9charger le nouveau catalogue PIPEDESIGN.\",\"breadcrumb\":{\"@id\":\"https:\/\/www.pipedesign.it\/fr\/catalogue\/#breadcrumb\"},\"inLanguage\":\"fr-FR\",\"potentialAction\":[{\"@type\":\"ReadAction\",\"target\":[\"https:\/\/www.pipedesign.it\/fr\/catalogue\/\"]}]},{\"@type\":\"BreadcrumbList\",\"@id\":\"https:\/\/www.pipedesign.it\/fr\/catalogue\/#breadcrumb\",\"itemListElement\":[{\"@type\":\"ListItem\",\"position\":1,\"name\":\"Home\",\"item\":\"https:\/\/www.pipedesign.it\/fr\/\"},{\"@type\":\"ListItem\",\"position\":2,\"name\":\"CATALOGUE\"}]},{\"@type\":\"WebSite\",\"@id\":\"https:\/\/www.pipedesign.it\/fr\/#website\",\"url\":\"https:\/\/www.pipedesign.it\/fr\/\",\"name\":\"PIPEDESIGN PURESHAPE\",\"description\":\"Complementi d&#039; arredo artigianali di design in ferro\",\"publisher\":{\"@id\":\"https:\/\/www.pipedesign.it\/fr\/#organization\"},\"potentialAction\":[{\"@type\":\"SearchAction\",\"target\":{\"@type\":\"EntryPoint\",\"urlTemplate\":\"https:\/\/www.pipedesign.it\/fr\/?s={search_term_string}\"},\"query-input\":{\"@type\":\"PropertyValueSpecification\",\"valueRequired\":true,\"valueName\":\"search_term_string\"}}],\"inLanguage\":\"fr-FR\"},{\"@type\":\"Organization\",\"@id\":\"https:\/\/www.pipedesign.it\/fr\/#organization\",\"name\":\"PipeDesign\",\"alternateName\":\"Pipedesign Pureshape\",\"url\":\"https:\/\/www.pipedesign.it\/fr\/\",\"logo\":{\"@type\":\"ImageObject\",\"inLanguage\":\"fr-FR\",\"@id\":\"https:\/\/www.pipedesign.it\/fr\/#\/schema\/logo\/image\/\",\"url\":\"https:\/\/www.pipedesign.it\/wp-content\/uploads\/2023\/02\/Avatar_pipedesign.jpg\",\"contentUrl\":\"https:\/\/www.pipedesign.it\/wp-content\/uploads\/2023\/02\/Avatar_pipedesign.jpg\",\"width\":300,\"height\":300,\"caption\":\"PipeDesign\"},\"image\":{\"@id\":\"https:\/\/www.pipedesign.it\/fr\/#\/schema\/logo\/image\/\"},\"sameAs\":[\"https:\/\/www.instagram.com\/pipedesignpureshape\/\",\"https:\/\/www.linkedin.com\/in\/pipedesign-pureshape-0888391a3\/\",\"https:\/\/it.pinterest.com\/pipedesignpureshape\/\"]}]}<\/script>\n<!-- \/ Yoast SEO plugin. -->","yoast_head_json":{"title":"CATALOGUE | PIPEDESIGN PURESHAPE","description":"Inscrivez-vous \u00e0 notre liste de t\u00e9l\u00e9chargement de catalogues. Vous recevrez un courriel contenant un lien pour t\u00e9l\u00e9charger le nouveau catalogue PIPEDESIGN.","robots":{"index":"index","follow":"follow","max-snippet":"max-snippet:-1","max-image-preview":"max-image-preview:large","max-video-preview":"max-video-preview:-1"},"canonical":"https:\/\/www.pipedesign.it\/fr\/catalogue\/","og_locale":"fr_FR","og_type":"article","og_title":"CATALOGUE | PIPEDESIGN PURESHAPE","og_description":"Inscrivez-vous \u00e0 notre liste de t\u00e9l\u00e9chargement de catalogues. Vous recevrez un courriel contenant un lien pour t\u00e9l\u00e9charger le nouveau catalogue PIPEDESIGN.","og_url":"https:\/\/www.pipedesign.it\/fr\/catalogue\/","og_site_name":"PIPEDESIGN PURESHAPE","article_modified_time":"2025-11-20T21:56:54+00:00","og_image":[{"width":192,"height":192,"url":"https:\/\/www.pipedesign.it\/wp-content\/uploads\/2023\/02\/pipedesign_192.png","type":"image\/png"}],"twitter_card":"summary_large_image","twitter_misc":{"Dur\u00e9e de lecture estim\u00e9e":"1 minute"},"schema":{"@context":"https:\/\/schema.org","@graph":[{"@type":"WebPage","@id":"https:\/\/www.pipedesign.it\/fr\/catalogue\/","url":"https:\/\/www.pipedesign.it\/fr\/catalogue\/","name":"CATALOGUE | PIPEDESIGN PURESHAPE","isPartOf":{"@id":"https:\/\/www.pipedesign.it\/fr\/#website"},"datePublished":"2024-12-19T15:23:44+00:00","dateModified":"2025-11-20T21:56:54+00:00","description":"Inscrivez-vous \u00e0 notre liste de t\u00e9l\u00e9chargement de catalogues. Vous recevrez un courriel contenant un lien pour t\u00e9l\u00e9charger le nouveau catalogue PIPEDESIGN.","breadcrumb":{"@id":"https:\/\/www.pipedesign.it\/fr\/catalogue\/#breadcrumb"},"inLanguage":"fr-FR","potentialAction":[{"@type":"ReadAction","target":["https:\/\/www.pipedesign.it\/fr\/catalogue\/"]}]},{"@type":"BreadcrumbList","@id":"https:\/\/www.pipedesign.it\/fr\/catalogue\/#breadcrumb","itemListElement":[{"@type":"ListItem","position":1,"name":"Home","item":"https:\/\/www.pipedesign.it\/fr\/"},{"@type":"ListItem","position":2,"name":"CATALOGUE"}]},{"@type":"WebSite","@id":"https:\/\/www.pipedesign.it\/fr\/#website","url":"https:\/\/www.pipedesign.it\/fr\/","name":"PIPEDESIGN PURESHAPE","description":"Complementi d&#039; arredo artigianali di design in ferro","publisher":{"@id":"https:\/\/www.pipedesign.it\/fr\/#organization"},"potentialAction":[{"@type":"SearchAction","target":{"@type":"EntryPoint","urlTemplate":"https:\/\/www.pipedesign.it\/fr\/?s={search_term_string}"},"query-input":{"@type":"PropertyValueSpecification","valueRequired":true,"valueName":"search_term_string"}}],"inLanguage":"fr-FR"},{"@type":"Organization","@id":"https:\/\/www.pipedesign.it\/fr\/#organization","name":"PipeDesign","alternateName":"Pipedesign Pureshape","url":"https:\/\/www.pipedesign.it\/fr\/","logo":{"@type":"ImageObject","inLanguage":"fr-FR","@id":"https:\/\/www.pipedesign.it\/fr\/#\/schema\/logo\/image\/","url":"https:\/\/www.pipedesign.it\/wp-content\/uploads\/2023\/02\/Avatar_pipedesign.jpg","contentUrl":"https:\/\/www.pipedesign.it\/wp-content\/uploads\/2023\/02\/Avatar_pipedesign.jpg","width":300,"height":300,"caption":"PipeDesign"},"image":{"@id":"https:\/\/www.pipedesign.it\/fr\/#\/schema\/logo\/image\/"},"sameAs":["https:\/\/www.instagram.com\/pipedesignpureshape\/","https:\/\/www.linkedin.com\/in\/pipedesign-pureshape-0888391a3\/","https:\/\/it.pinterest.com\/pipedesignpureshape\/"]}]}},"_links":{"self":[{"href":"https:\/\/www.pipedesign.it\/fr\/wp-json\/wp\/v2\/pages\/14288","targetHints":{"allow":["GET"]}}],"collection":[{"href":"https:\/\/www.pipedesign.it\/fr\/wp-json\/wp\/v2\/pages"}],"about":[{"href":"https:\/\/www.pipedesign.it\/fr\/wp-json\/wp\/v2\/types\/page"}],"author":[{"embeddable":true,"href":"https:\/\/www.pipedesign.it\/fr\/wp-json\/wp\/v2\/users\/2"}],"replies":[{"embeddable":true,"href":"https:\/\/www.pipedesign.it\/fr\/wp-json\/wp\/v2\/comments?post=14288"}],"version-history":[{"count":0,"href":"https:\/\/www.pipedesign.it\/fr\/wp-json\/wp\/v2\/pages\/14288\/revisions"}],"wp:attachment":[{"href":"https:\/\/www.pipedesign.it\/fr\/wp-json\/wp\/v2\/media?parent=14288"}],"curies":[{"name":"wp","href":"https:\/\/api.w.org\/{rel}","templated":true}]}}