{"id":14518,"date":"2025-12-04T19:25:49","date_gmt":"2025-12-04T18:25:49","guid":{"rendered":"https:\/\/www.pipedesign.it\/newsletter\/"},"modified":"2025-12-04T19:38:10","modified_gmt":"2025-12-04T18:38:10","slug":"newsletter","status":"publish","type":"page","link":"https:\/\/www.pipedesign.it\/fr\/newsletter\/","title":{"rendered":"NEWSLETTER"},"content":{"rendered":"<div class=\"wpb-content-wrapper\"><p>[vc_row][vc_column width=\u00a0\u00bb1\/2&Prime;][vc_single_image image=\u00a0\u00bb13612&Prime; img_size=\u00a0\u00bbfull\u00a0\u00bb alignment=\u00a0\u00bbcenter\u00a0\u00bb css=\u00a0\u00bb\u00a0\u00bb][\/vc_column][vc_column width=\u00a0\u00bb1\/2&Prime;][vc_empty_space height=\u00a0\u00bb30px\u00a0\u00bb][vc_column_text css=\u00a0\u00bb\u00a0\u00bb]<\/p>\n<h3>Merci de vous \u00eatre abonn\u00e9 \u00e0 notre newsletter.<\/h3>\n<h3>T\u00e9l\u00e9chargez notre catalogue au format num\u00e9rique.<\/h3>\n<p>[\/vc_column_text][vc_btn title=\u00a0\u00bbCATALOGUE\u00a0\u00bb style=\u00a0\u00bbclassic\u00a0\u00bb shape=\u00a0\u00bbsquare\u00a0\u00bb color=\u00a0\u00bbblack\u00a0\u00bb size=\u00a0\u00bblg\u00a0\u00bb align=\u00a0\u00bbcenter\u00a0\u00bb i_icon_fontawesome=\u00a0\u00bbfa fa-solid fa-download\u00a0\u00bb css=\u00a0\u00bb\u00a0\u00bb button_block=\u00a0\u00bbtrue\u00a0\u00bb add_icon=\u00a0\u00bbtrue\u00a0\u00bb link=\u00a0\u00bburl:https%3A%2F%2Fwww.pipedesign.it%2Fschedeprodotto%2FPIPEDSIGN_FR_2025.pdf|target:_blank\u00a0\u00bb][\/vc_column][\/vc_row]<\/p>\n<\/div>","protected":false},"excerpt":{"rendered":"<p>[vc_row][vc_column width=\u00a0\u00bb1\/2&Prime;][vc_single_image image=\u00a0\u00bb13612&Prime; img_size=\u00a0\u00bbfull\u00a0\u00bb alignment=\u00a0\u00bbcenter\u00a0\u00bb css=\u00a0\u00bb\u00a0\u00bb][\/vc_column][vc_column width=\u00a0\u00bb1\/2&Prime;][vc_empty_space height=\u00a0\u00bb30px\u00a0\u00bb][vc_column_text css=\u00a0\u00bb\u00a0\u00bb] Merci de vous \u00eatre abonn\u00e9 \u00e0 notre newsletter. T\u00e9l\u00e9chargez notre catalogue au format num\u00e9rique. [\/vc_column_text][vc_btn title=\u00a0\u00bbCATALOGUE\u00a0\u00bb style=\u00a0\u00bbclassic\u00a0\u00bb shape=\u00a0\u00bbsquare\u00a0\u00bb color=\u00a0\u00bbblack\u00a0\u00bb size=\u00a0\u00bblg\u00a0\u00bb align=\u00a0\u00bbcenter\u00a0\u00bb i_icon_fontawesome=\u00a0\u00bbfa fa-solid fa-download\u00a0\u00bb css=\u00a0\u00bb\u00a0\u00bb button_block=\u00a0\u00bbtrue\u00a0\u00bb add_icon=\u00a0\u00bbtrue\u00a0\u00bb link=\u00a0\u00bburl:https%3A%2F%2Fwww.pipedesign.it%2Fschedeprodotto%2FPIPEDSIGN_FR_2025.pdf|target:_blank\u00a0\u00bb][\/vc_column][\/vc_row]<\/p>\n","protected":false},"author":2,"featured_media":0,"parent":0,"menu_order":0,"comment_status":"closed","ping_status":"closed","template":"","meta":{"_acf_changed":false,"_monsterinsights_skip_tracking":false,"_monsterinsights_sitenote_active":false,"_monsterinsights_sitenote_note":"","_monsterinsights_sitenote_category":0,"footnotes":""},"class_list":["post-14518","page","type-page","status-publish","hentry"],"acf":[],"yoast_head":"<!-- This site is optimized with the Yoast SEO plugin v27.5 - https:\/\/yoast.com\/product\/yoast-seo-wordpress\/ -->\n<title>T\u00e9l\u00e9chargez notre catalogue | PIPEDESIGN PURESHAPE<\/title>\n<meta name=\"description\" content=\"Merci de vous \u00eatre abonn\u00e9 \u00e0 notre newsletter. T\u00e9l\u00e9chargez notre catalogue au format num\u00e9rique.\" \/>\n<meta name=\"robots\" content=\"index, follow, max-snippet:-1, max-image-preview:large, max-video-preview:-1\" \/>\n<link rel=\"canonical\" href=\"https:\/\/www.pipedesign.it\/fr\/newsletter\/\" \/>\n<meta property=\"og:locale\" content=\"fr_FR\" \/>\n<meta property=\"og:type\" content=\"article\" \/>\n<meta property=\"og:title\" content=\"T\u00e9l\u00e9chargez notre catalogue | PIPEDESIGN PURESHAPE\" \/>\n<meta property=\"og:description\" content=\"Merci de vous \u00eatre abonn\u00e9 \u00e0 notre newsletter. T\u00e9l\u00e9chargez notre catalogue au format num\u00e9rique.\" \/>\n<meta property=\"og:url\" content=\"https:\/\/www.pipedesign.it\/fr\/newsletter\/\" \/>\n<meta property=\"og:site_name\" content=\"PIPEDESIGN PURESHAPE\" \/>\n<meta property=\"article:modified_time\" content=\"2025-12-04T18:38:10+00:00\" \/>\n<meta property=\"og:image\" content=\"https:\/\/www.pipedesign.it\/wp-content\/uploads\/2023\/02\/pipedesign_192.png\" \/>\n\t<meta property=\"og:image:width\" content=\"192\" \/>\n\t<meta property=\"og:image:height\" content=\"192\" \/>\n\t<meta property=\"og:image:type\" content=\"image\/png\" \/>\n<meta name=\"twitter:card\" content=\"summary_large_image\" \/>\n<meta name=\"twitter:label1\" content=\"Dur\u00e9e de lecture estim\u00e9e\" \/>\n\t<meta name=\"twitter:data1\" content=\"1 minute\" \/>\n<script type=\"application\/ld+json\" class=\"yoast-schema-graph\">{\"@context\":\"https:\\\/\\\/schema.org\",\"@graph\":[{\"@type\":\"WebPage\",\"@id\":\"https:\\\/\\\/www.pipedesign.it\\\/fr\\\/newsletter\\\/\",\"url\":\"https:\\\/\\\/www.pipedesign.it\\\/fr\\\/newsletter\\\/\",\"name\":\"T\u00e9l\u00e9chargez notre catalogue | PIPEDESIGN PURESHAPE\",\"isPartOf\":{\"@id\":\"https:\\\/\\\/www.pipedesign.it\\\/fr\\\/#website\"},\"datePublished\":\"2025-12-04T18:25:49+00:00\",\"dateModified\":\"2025-12-04T18:38:10+00:00\",\"description\":\"Merci de vous \u00eatre abonn\u00e9 \u00e0 notre newsletter. T\u00e9l\u00e9chargez notre catalogue au format num\u00e9rique.\",\"breadcrumb\":{\"@id\":\"https:\\\/\\\/www.pipedesign.it\\\/fr\\\/newsletter\\\/#breadcrumb\"},\"inLanguage\":\"fr-FR\",\"potentialAction\":[{\"@type\":\"ReadAction\",\"target\":[\"https:\\\/\\\/www.pipedesign.it\\\/fr\\\/newsletter\\\/\"]}]},{\"@type\":\"BreadcrumbList\",\"@id\":\"https:\\\/\\\/www.pipedesign.it\\\/fr\\\/newsletter\\\/#breadcrumb\",\"itemListElement\":[{\"@type\":\"ListItem\",\"position\":1,\"name\":\"Home\",\"item\":\"https:\\\/\\\/www.pipedesign.it\\\/fr\\\/\"},{\"@type\":\"ListItem\",\"position\":2,\"name\":\"NEWSLETTER\"}]},{\"@type\":\"WebSite\",\"@id\":\"https:\\\/\\\/www.pipedesign.it\\\/fr\\\/#website\",\"url\":\"https:\\\/\\\/www.pipedesign.it\\\/fr\\\/\",\"name\":\"PIPEDESIGN PURESHAPE\",\"description\":\"Complementi d&#039; arredo artigianali di design in ferro\",\"publisher\":{\"@id\":\"https:\\\/\\\/www.pipedesign.it\\\/fr\\\/#organization\"},\"potentialAction\":[{\"@type\":\"SearchAction\",\"target\":{\"@type\":\"EntryPoint\",\"urlTemplate\":\"https:\\\/\\\/www.pipedesign.it\\\/fr\\\/?s={search_term_string}\"},\"query-input\":{\"@type\":\"PropertyValueSpecification\",\"valueRequired\":true,\"valueName\":\"search_term_string\"}}],\"inLanguage\":\"fr-FR\"},{\"@type\":\"Organization\",\"@id\":\"https:\\\/\\\/www.pipedesign.it\\\/fr\\\/#organization\",\"name\":\"PipeDesign\",\"alternateName\":\"Pipedesign Pureshape\",\"url\":\"https:\\\/\\\/www.pipedesign.it\\\/fr\\\/\",\"logo\":{\"@type\":\"ImageObject\",\"inLanguage\":\"fr-FR\",\"@id\":\"https:\\\/\\\/www.pipedesign.it\\\/fr\\\/#\\\/schema\\\/logo\\\/image\\\/\",\"url\":\"https:\\\/\\\/www.pipedesign.it\\\/wp-content\\\/uploads\\\/2023\\\/02\\\/Avatar_pipedesign.jpg\",\"contentUrl\":\"https:\\\/\\\/www.pipedesign.it\\\/wp-content\\\/uploads\\\/2023\\\/02\\\/Avatar_pipedesign.jpg\",\"width\":300,\"height\":300,\"caption\":\"PipeDesign\"},\"image\":{\"@id\":\"https:\\\/\\\/www.pipedesign.it\\\/fr\\\/#\\\/schema\\\/logo\\\/image\\\/\"},\"sameAs\":[\"https:\\\/\\\/www.instagram.com\\\/pipedesignpureshape\\\/\",\"https:\\\/\\\/www.linkedin.com\\\/in\\\/pipedesign-pureshape-0888391a3\\\/\",\"https:\\\/\\\/it.pinterest.com\\\/pipedesignpureshape\\\/\"]}]}<\/script>\n<!-- \/ Yoast SEO plugin. -->","yoast_head_json":{"title":"T\u00e9l\u00e9chargez notre catalogue | PIPEDESIGN PURESHAPE","description":"Merci de vous \u00eatre abonn\u00e9 \u00e0 notre newsletter. T\u00e9l\u00e9chargez notre catalogue au format num\u00e9rique.","robots":{"index":"index","follow":"follow","max-snippet":"max-snippet:-1","max-image-preview":"max-image-preview:large","max-video-preview":"max-video-preview:-1"},"canonical":"https:\/\/www.pipedesign.it\/fr\/newsletter\/","og_locale":"fr_FR","og_type":"article","og_title":"T\u00e9l\u00e9chargez notre catalogue | PIPEDESIGN PURESHAPE","og_description":"Merci de vous \u00eatre abonn\u00e9 \u00e0 notre newsletter. T\u00e9l\u00e9chargez notre catalogue au format num\u00e9rique.","og_url":"https:\/\/www.pipedesign.it\/fr\/newsletter\/","og_site_name":"PIPEDESIGN PURESHAPE","article_modified_time":"2025-12-04T18:38:10+00:00","og_image":[{"width":192,"height":192,"url":"https:\/\/www.pipedesign.it\/wp-content\/uploads\/2023\/02\/pipedesign_192.png","type":"image\/png"}],"twitter_card":"summary_large_image","twitter_misc":{"Dur\u00e9e de lecture estim\u00e9e":"1 minute"},"schema":{"@context":"https:\/\/schema.org","@graph":[{"@type":"WebPage","@id":"https:\/\/www.pipedesign.it\/fr\/newsletter\/","url":"https:\/\/www.pipedesign.it\/fr\/newsletter\/","name":"T\u00e9l\u00e9chargez notre catalogue | PIPEDESIGN PURESHAPE","isPartOf":{"@id":"https:\/\/www.pipedesign.it\/fr\/#website"},"datePublished":"2025-12-04T18:25:49+00:00","dateModified":"2025-12-04T18:38:10+00:00","description":"Merci de vous \u00eatre abonn\u00e9 \u00e0 notre newsletter. T\u00e9l\u00e9chargez notre catalogue au format num\u00e9rique.","breadcrumb":{"@id":"https:\/\/www.pipedesign.it\/fr\/newsletter\/#breadcrumb"},"inLanguage":"fr-FR","potentialAction":[{"@type":"ReadAction","target":["https:\/\/www.pipedesign.it\/fr\/newsletter\/"]}]},{"@type":"BreadcrumbList","@id":"https:\/\/www.pipedesign.it\/fr\/newsletter\/#breadcrumb","itemListElement":[{"@type":"ListItem","position":1,"name":"Home","item":"https:\/\/www.pipedesign.it\/fr\/"},{"@type":"ListItem","position":2,"name":"NEWSLETTER"}]},{"@type":"WebSite","@id":"https:\/\/www.pipedesign.it\/fr\/#website","url":"https:\/\/www.pipedesign.it\/fr\/","name":"PIPEDESIGN PURESHAPE","description":"Complementi d&#039; arredo artigianali di design in ferro","publisher":{"@id":"https:\/\/www.pipedesign.it\/fr\/#organization"},"potentialAction":[{"@type":"SearchAction","target":{"@type":"EntryPoint","urlTemplate":"https:\/\/www.pipedesign.it\/fr\/?s={search_term_string}"},"query-input":{"@type":"PropertyValueSpecification","valueRequired":true,"valueName":"search_term_string"}}],"inLanguage":"fr-FR"},{"@type":"Organization","@id":"https:\/\/www.pipedesign.it\/fr\/#organization","name":"PipeDesign","alternateName":"Pipedesign Pureshape","url":"https:\/\/www.pipedesign.it\/fr\/","logo":{"@type":"ImageObject","inLanguage":"fr-FR","@id":"https:\/\/www.pipedesign.it\/fr\/#\/schema\/logo\/image\/","url":"https:\/\/www.pipedesign.it\/wp-content\/uploads\/2023\/02\/Avatar_pipedesign.jpg","contentUrl":"https:\/\/www.pipedesign.it\/wp-content\/uploads\/2023\/02\/Avatar_pipedesign.jpg","width":300,"height":300,"caption":"PipeDesign"},"image":{"@id":"https:\/\/www.pipedesign.it\/fr\/#\/schema\/logo\/image\/"},"sameAs":["https:\/\/www.instagram.com\/pipedesignpureshape\/","https:\/\/www.linkedin.com\/in\/pipedesign-pureshape-0888391a3\/","https:\/\/it.pinterest.com\/pipedesignpureshape\/"]}]}},"_links":{"self":[{"href":"https:\/\/www.pipedesign.it\/fr\/wp-json\/wp\/v2\/pages\/14518","targetHints":{"allow":["GET"]}}],"collection":[{"href":"https:\/\/www.pipedesign.it\/fr\/wp-json\/wp\/v2\/pages"}],"about":[{"href":"https:\/\/www.pipedesign.it\/fr\/wp-json\/wp\/v2\/types\/page"}],"author":[{"embeddable":true,"href":"https:\/\/www.pipedesign.it\/fr\/wp-json\/wp\/v2\/users\/2"}],"replies":[{"embeddable":true,"href":"https:\/\/www.pipedesign.it\/fr\/wp-json\/wp\/v2\/comments?post=14518"}],"version-history":[{"count":0,"href":"https:\/\/www.pipedesign.it\/fr\/wp-json\/wp\/v2\/pages\/14518\/revisions"}],"wp:attachment":[{"href":"https:\/\/www.pipedesign.it\/fr\/wp-json\/wp\/v2\/media?parent=14518"}],"curies":[{"name":"wp","href":"https:\/\/api.w.org\/{rel}","templated":true}]}}