{"id":11505,"date":"2024-08-26T08:44:45","date_gmt":"2024-08-26T06:44:45","guid":{"rendered":"https:\/\/www.pipedesign.it\/?page_id=11505"},"modified":"2024-11-02T18:49:09","modified_gmt":"2024-11-02T17:49:09","slug":"termini-e-condizioni-di-vendita","status":"publish","type":"page","link":"https:\/\/www.pipedesign.it\/it\/termini-e-condizioni-di-vendita\/","title":{"rendered":"TERMINI E CONDIZIONI DI VENDITA"},"content":{"rendered":"<div class=\"wpb-content-wrapper\"><p>[vc_row][vc_column][vc_column_text css=&#8221;&#8221;]Il negozio on-line, di seguito nominato\u00a0<a href=\"https:\/\/www.pipedesign.it\/\" target=\"_blank\" rel=\"noreferrer noopener\" aria-label=\"pipedesign.it (apre in una nuova scheda)\">pipedesign.it<\/a>\u00a0(con riferimento ai domini\u00a0<a href=\"https:\/\/www.pipedesign.it\/\" target=\"_blank\" rel=\"noreferrer noopener\" aria-label=\"www. pipedesign .it (apre in una nuova scheda)\">www. pipedesign .it<\/a>) \u00e8 di propriet\u00e0 esclusiva della societ\u00e0\u00a0<a class=\"link-hover\" href=\"http:\/\/www.ideasoluzioni.it\/\" target=\"_blank\" rel=\"noreferrer noopener\" aria-label=\"Idea Soluzioni (apre in una nuova scheda)\">Idea Soluzioni<\/a>\u00a0di Liani Stefano P.Iva. 01576340937 con sede legale in Via Coltura, 10 33070 \u2013 Polcenigo (PN) Italy.<br \/>\nIscritta al Registro delle Imprese di Pordenone con il numero Repertorio Economico Amministrativo 87563.[\/vc_column_text][vc_custom_heading text=&#8221;Condizioni di vendita:&#8221; use_theme_fonts=&#8221;yes&#8221; css=&#8221;&#8221;][vc_column_text css=&#8221;&#8221;]Tutti i prezzi al pubblico sono inclusi di IVA e non includono eventuali tasse, dazi ed imposte applicabili nel Paese di destinazione dei prodotti e\/o servizi ove questo sia diverso dall\u2019Italia.<br \/>\nTali costi, diversi da paese a paese, sono a carico del Cliente, al quale spetta l\u2019 onere di verificarne l\u2019 ammontare presso le competenti autorit\u00e0 doganali.<br \/>\nTutti i prodotti presenti nel nostro negozio sono realmente disponibili presso la nostra sede, oppure presso il nostro fornitore. Nel caso in cui non fossero disponibili verranno realizzati con i tempi di consegna indicativi comunicati in fase di conferma dell\u2019 ordine.<br \/>\nTutte le spedizioni sono coperte da assicurazione.<br \/>\nIl sito viene aggiornato pi\u00f9 volte al giorno, la spedizione verr\u00e0 sempre contabilizzata con regolare fattura accompagnatoria, e salvo diverse indicazioni del cliente, verr\u00e0 resa disponibile online nella propria pagina personale degli ordini (\u201cMiei Ordini\u201d).<br \/>\nAl prezzo del singolo prodotto e\/o servizio deve essere aggiunto il costo di ogni spedizione, il cui ammontare potr\u00e0 variare in base alla modalit\u00e0 di consegna e di pagamento, nonch\u00e9 in relazione al Paese di destinazione. L\u2019importo complessivo dovuto per i prodotti e\/o servizi prescelti sar\u00e0 chiaramente indicato e comunicato al Cliente, prima della conclusione del Contratto di Vendita.<br \/>\nI prezzi riportati sul sito sono soggetti a possibili variazioni e\/o modifiche da parte di\u00a0<a class=\"\" href=\"https:\/\/www.pipedesign.it\/\" target=\"_blank\" rel=\"noreferrer noopener\" aria-label=\"pipedesign.it (apre in una nuova scheda)\">pipedesign.it<\/a>\u00a0senza alcuno obbligo di preavviso al Cliente. Detti aumenti possono dipendere \u2013 tra le altre \u2013 da aumenti decisi dai fornitori.<br \/>\nAi Contratti di Vendita conclusi prima della pubblicazione delle suddette modifiche, ma ancora in corso d\u2019esecuzione, si applicheranno i prezzi vigenti al momento della ricezione dell\u2019 Ordine.<br \/>\nLe presenti Condizioni Generali sono rette dalla legge italiana cos\u00ec come ciascun Contratto di Vendita e soggette alla giurisdizione italiana.<br \/>\nOgni controversia relativa alle Condizioni Generali ovvero ai Contratti di Vendita sar\u00e0 devoluta alla competenza esclusiva del Foro di Pordenone, fermo restando l\u2019applicabilit\u00e0 delle norme inderogabili di legge poste a tutela dei Consumatori.[\/vc_column_text][vc_column_text css=&#8221;&#8221;]Per i Vostri Reclami:<br \/>\ne-mail:\u00a0<a class=\"\" href=\"mailto:info@pipedesign.it\">info@pipedesign.it<\/a>[\/vc_column_text][vc_column_text css=&#8221;&#8221;]Non siamo responsabili in ugual maniera dei contenuti dei siti presenti attraverso links di segnalazione all\u2019interno del sito stesso.<br \/>\nCi scusiamo per eventuali errori di ortografia, di battitura, di traduzione dei testi e si solleva da qualsiasi responsabilit\u00e0 per danni morali o materiali derivati da questi[\/vc_column_text][\/vc_column][\/vc_row]<\/p>\n<\/div>","protected":false},"excerpt":{"rendered":"<p>[vc_row][vc_column][vc_column_text css=&#8221;&#8221;]Il negozio on-line, di seguito nominato\u00a0pipedesign.it\u00a0(con riferimento ai domini\u00a0www. pipedesign .it) \u00e8 di propriet\u00e0 esclusiva della societ\u00e0\u00a0Idea Soluzioni\u00a0di Liani Stefano P.Iva. 01576340937 con sede legale in Via Coltura, 10 33070 \u2013 Polcenigo (PN) Italy. Iscritta al Registro delle Imprese di Pordenone con il numero Repertorio Economico Amministrativo 87563.[\/vc_column_text][vc_custom_heading text=&#8221;Condizioni di vendita:&#8221; use_theme_fonts=&#8221;yes&#8221; css=&#8221;&#8221;][vc_column_text css=&#8221;&#8221;]Tutti&hellip;<\/p>\n","protected":false},"author":2,"featured_media":8077,"parent":0,"menu_order":0,"comment_status":"closed","ping_status":"closed","template":"","meta":{"_acf_changed":false,"_monsterinsights_skip_tracking":false,"_monsterinsights_sitenote_active":false,"_monsterinsights_sitenote_note":"","_monsterinsights_sitenote_category":0,"footnotes":""},"class_list":["post-11505","page","type-page","status-publish","has-post-thumbnail","hentry"],"acf":[],"yoast_head":"<!-- This site is optimized with the Yoast SEO plugin v26.5 - https:\/\/yoast.com\/wordpress\/plugins\/seo\/ -->\n<title>TERMINI E CONDIZIONI DI VENDITA | PIPEDESIGN PURESHAPE<\/title>\n<meta name=\"description\" content=\"Il negozio on-line, con riferimento ai domini\u00a0www. pipedesign .it) \u00e8 di propriet\u00e0 esclusiva della societ\u00e0\u00a0Idea Soluzioni\u00a0di Liani Stefano\" \/>\n<meta name=\"robots\" content=\"index, follow, max-snippet:-1, max-image-preview:large, max-video-preview:-1\" \/>\n<link rel=\"canonical\" href=\"https:\/\/www.pipedesign.it\/it\/termini-e-condizioni-di-vendita\/\" \/>\n<meta property=\"og:locale\" content=\"it_IT\" \/>\n<meta property=\"og:type\" content=\"article\" \/>\n<meta property=\"og:title\" content=\"TERMINI E CONDIZIONI DI VENDITA | PIPEDESIGN PURESHAPE\" \/>\n<meta property=\"og:description\" content=\"Il negozio on-line, con riferimento ai domini\u00a0www. pipedesign .it) \u00e8 di propriet\u00e0 esclusiva della societ\u00e0\u00a0Idea Soluzioni\u00a0di Liani Stefano\" \/>\n<meta property=\"og:url\" content=\"https:\/\/www.pipedesign.it\/it\/termini-e-condizioni-di-vendita\/\" \/>\n<meta property=\"og:site_name\" content=\"PIPEDESIGN PURESHAPE\" \/>\n<meta property=\"article:modified_time\" content=\"2024-11-02T17:49:09+00:00\" \/>\n<meta property=\"og:image\" content=\"https:\/\/www.pipedesign.it\/wp-content\/uploads\/2023\/02\/Avatar_pipedesign.jpg\" \/>\n\t<meta property=\"og:image:width\" content=\"300\" \/>\n\t<meta property=\"og:image:height\" content=\"300\" \/>\n\t<meta property=\"og:image:type\" content=\"image\/jpeg\" \/>\n<meta name=\"twitter:card\" content=\"summary_large_image\" \/>\n<meta name=\"twitter:label1\" content=\"Tempo di lettura stimato\" \/>\n\t<meta name=\"twitter:data1\" content=\"3 minuti\" \/>\n<script type=\"application\/ld+json\" class=\"yoast-schema-graph\">{\"@context\":\"https:\/\/schema.org\",\"@graph\":[{\"@type\":\"WebPage\",\"@id\":\"https:\/\/www.pipedesign.it\/it\/termini-e-condizioni-di-vendita\/\",\"url\":\"https:\/\/www.pipedesign.it\/it\/termini-e-condizioni-di-vendita\/\",\"name\":\"TERMINI E CONDIZIONI DI VENDITA | PIPEDESIGN PURESHAPE\",\"isPartOf\":{\"@id\":\"https:\/\/www.pipedesign.it\/it\/#website\"},\"primaryImageOfPage\":{\"@id\":\"https:\/\/www.pipedesign.it\/it\/termini-e-condizioni-di-vendita\/#primaryimage\"},\"image\":{\"@id\":\"https:\/\/www.pipedesign.it\/it\/termini-e-condizioni-di-vendita\/#primaryimage\"},\"thumbnailUrl\":\"https:\/\/www.pipedesign.it\/wp-content\/uploads\/2023\/02\/Avatar_pipedesign.jpg\",\"datePublished\":\"2024-08-26T06:44:45+00:00\",\"dateModified\":\"2024-11-02T17:49:09+00:00\",\"description\":\"Il negozio on-line, con riferimento ai domini\u00a0www. pipedesign .it) \u00e8 di propriet\u00e0 esclusiva della societ\u00e0\u00a0Idea Soluzioni\u00a0di Liani Stefano\",\"breadcrumb\":{\"@id\":\"https:\/\/www.pipedesign.it\/it\/termini-e-condizioni-di-vendita\/#breadcrumb\"},\"inLanguage\":\"it-IT\",\"potentialAction\":[{\"@type\":\"ReadAction\",\"target\":[\"https:\/\/www.pipedesign.it\/it\/termini-e-condizioni-di-vendita\/\"]}]},{\"@type\":\"ImageObject\",\"inLanguage\":\"it-IT\",\"@id\":\"https:\/\/www.pipedesign.it\/it\/termini-e-condizioni-di-vendita\/#primaryimage\",\"url\":\"https:\/\/www.pipedesign.it\/wp-content\/uploads\/2023\/02\/Avatar_pipedesign.jpg\",\"contentUrl\":\"https:\/\/www.pipedesign.it\/wp-content\/uploads\/2023\/02\/Avatar_pipedesign.jpg\",\"width\":300,\"height\":300,\"caption\":\"Complementi d' arredo in tondino di ferro\"},{\"@type\":\"BreadcrumbList\",\"@id\":\"https:\/\/www.pipedesign.it\/it\/termini-e-condizioni-di-vendita\/#breadcrumb\",\"itemListElement\":[{\"@type\":\"ListItem\",\"position\":1,\"name\":\"Home\",\"item\":\"https:\/\/www.pipedesign.it\/it\/\"},{\"@type\":\"ListItem\",\"position\":2,\"name\":\"TERMINI E CONDIZIONI DI VENDITA\"}]},{\"@type\":\"WebSite\",\"@id\":\"https:\/\/www.pipedesign.it\/it\/#website\",\"url\":\"https:\/\/www.pipedesign.it\/it\/\",\"name\":\"PIPEDESIGN PURESHAPE\",\"description\":\"Complementi d&#039; arredo artigianali di design in ferro\",\"publisher\":{\"@id\":\"https:\/\/www.pipedesign.it\/it\/#organization\"},\"potentialAction\":[{\"@type\":\"SearchAction\",\"target\":{\"@type\":\"EntryPoint\",\"urlTemplate\":\"https:\/\/www.pipedesign.it\/it\/?s={search_term_string}\"},\"query-input\":{\"@type\":\"PropertyValueSpecification\",\"valueRequired\":true,\"valueName\":\"search_term_string\"}}],\"inLanguage\":\"it-IT\"},{\"@type\":\"Organization\",\"@id\":\"https:\/\/www.pipedesign.it\/it\/#organization\",\"name\":\"PipeDesign\",\"alternateName\":\"Pipedesign Pureshape\",\"url\":\"https:\/\/www.pipedesign.it\/it\/\",\"logo\":{\"@type\":\"ImageObject\",\"inLanguage\":\"it-IT\",\"@id\":\"https:\/\/www.pipedesign.it\/it\/#\/schema\/logo\/image\/\",\"url\":\"https:\/\/www.pipedesign.it\/wp-content\/uploads\/2023\/02\/Avatar_pipedesign.jpg\",\"contentUrl\":\"https:\/\/www.pipedesign.it\/wp-content\/uploads\/2023\/02\/Avatar_pipedesign.jpg\",\"width\":300,\"height\":300,\"caption\":\"PipeDesign\"},\"image\":{\"@id\":\"https:\/\/www.pipedesign.it\/it\/#\/schema\/logo\/image\/\"},\"sameAs\":[\"https:\/\/www.instagram.com\/pipedesignpureshape\/\",\"https:\/\/www.linkedin.com\/in\/pipedesign-pureshape-0888391a3\/\",\"https:\/\/it.pinterest.com\/pipedesignpureshape\/\"]}]}<\/script>\n<!-- \/ Yoast SEO plugin. -->","yoast_head_json":{"title":"TERMINI E CONDIZIONI DI VENDITA | PIPEDESIGN PURESHAPE","description":"Il negozio on-line, con riferimento ai domini\u00a0www. pipedesign .it) \u00e8 di propriet\u00e0 esclusiva della societ\u00e0\u00a0Idea Soluzioni\u00a0di Liani Stefano","robots":{"index":"index","follow":"follow","max-snippet":"max-snippet:-1","max-image-preview":"max-image-preview:large","max-video-preview":"max-video-preview:-1"},"canonical":"https:\/\/www.pipedesign.it\/it\/termini-e-condizioni-di-vendita\/","og_locale":"it_IT","og_type":"article","og_title":"TERMINI E CONDIZIONI DI VENDITA | PIPEDESIGN PURESHAPE","og_description":"Il negozio on-line, con riferimento ai domini\u00a0www. pipedesign .it) \u00e8 di propriet\u00e0 esclusiva della societ\u00e0\u00a0Idea Soluzioni\u00a0di Liani Stefano","og_url":"https:\/\/www.pipedesign.it\/it\/termini-e-condizioni-di-vendita\/","og_site_name":"PIPEDESIGN PURESHAPE","article_modified_time":"2024-11-02T17:49:09+00:00","og_image":[{"width":300,"height":300,"url":"https:\/\/www.pipedesign.it\/wp-content\/uploads\/2023\/02\/Avatar_pipedesign.jpg","type":"image\/jpeg"}],"twitter_card":"summary_large_image","twitter_misc":{"Tempo di lettura stimato":"3 minuti"},"schema":{"@context":"https:\/\/schema.org","@graph":[{"@type":"WebPage","@id":"https:\/\/www.pipedesign.it\/it\/termini-e-condizioni-di-vendita\/","url":"https:\/\/www.pipedesign.it\/it\/termini-e-condizioni-di-vendita\/","name":"TERMINI E CONDIZIONI DI VENDITA | PIPEDESIGN PURESHAPE","isPartOf":{"@id":"https:\/\/www.pipedesign.it\/it\/#website"},"primaryImageOfPage":{"@id":"https:\/\/www.pipedesign.it\/it\/termini-e-condizioni-di-vendita\/#primaryimage"},"image":{"@id":"https:\/\/www.pipedesign.it\/it\/termini-e-condizioni-di-vendita\/#primaryimage"},"thumbnailUrl":"https:\/\/www.pipedesign.it\/wp-content\/uploads\/2023\/02\/Avatar_pipedesign.jpg","datePublished":"2024-08-26T06:44:45+00:00","dateModified":"2024-11-02T17:49:09+00:00","description":"Il negozio on-line, con riferimento ai domini\u00a0www. pipedesign .it) \u00e8 di propriet\u00e0 esclusiva della societ\u00e0\u00a0Idea Soluzioni\u00a0di Liani Stefano","breadcrumb":{"@id":"https:\/\/www.pipedesign.it\/it\/termini-e-condizioni-di-vendita\/#breadcrumb"},"inLanguage":"it-IT","potentialAction":[{"@type":"ReadAction","target":["https:\/\/www.pipedesign.it\/it\/termini-e-condizioni-di-vendita\/"]}]},{"@type":"ImageObject","inLanguage":"it-IT","@id":"https:\/\/www.pipedesign.it\/it\/termini-e-condizioni-di-vendita\/#primaryimage","url":"https:\/\/www.pipedesign.it\/wp-content\/uploads\/2023\/02\/Avatar_pipedesign.jpg","contentUrl":"https:\/\/www.pipedesign.it\/wp-content\/uploads\/2023\/02\/Avatar_pipedesign.jpg","width":300,"height":300,"caption":"Complementi d' arredo in tondino di ferro"},{"@type":"BreadcrumbList","@id":"https:\/\/www.pipedesign.it\/it\/termini-e-condizioni-di-vendita\/#breadcrumb","itemListElement":[{"@type":"ListItem","position":1,"name":"Home","item":"https:\/\/www.pipedesign.it\/it\/"},{"@type":"ListItem","position":2,"name":"TERMINI E CONDIZIONI DI VENDITA"}]},{"@type":"WebSite","@id":"https:\/\/www.pipedesign.it\/it\/#website","url":"https:\/\/www.pipedesign.it\/it\/","name":"PIPEDESIGN PURESHAPE","description":"Complementi d&#039; arredo artigianali di design in ferro","publisher":{"@id":"https:\/\/www.pipedesign.it\/it\/#organization"},"potentialAction":[{"@type":"SearchAction","target":{"@type":"EntryPoint","urlTemplate":"https:\/\/www.pipedesign.it\/it\/?s={search_term_string}"},"query-input":{"@type":"PropertyValueSpecification","valueRequired":true,"valueName":"search_term_string"}}],"inLanguage":"it-IT"},{"@type":"Organization","@id":"https:\/\/www.pipedesign.it\/it\/#organization","name":"PipeDesign","alternateName":"Pipedesign Pureshape","url":"https:\/\/www.pipedesign.it\/it\/","logo":{"@type":"ImageObject","inLanguage":"it-IT","@id":"https:\/\/www.pipedesign.it\/it\/#\/schema\/logo\/image\/","url":"https:\/\/www.pipedesign.it\/wp-content\/uploads\/2023\/02\/Avatar_pipedesign.jpg","contentUrl":"https:\/\/www.pipedesign.it\/wp-content\/uploads\/2023\/02\/Avatar_pipedesign.jpg","width":300,"height":300,"caption":"PipeDesign"},"image":{"@id":"https:\/\/www.pipedesign.it\/it\/#\/schema\/logo\/image\/"},"sameAs":["https:\/\/www.instagram.com\/pipedesignpureshape\/","https:\/\/www.linkedin.com\/in\/pipedesign-pureshape-0888391a3\/","https:\/\/it.pinterest.com\/pipedesignpureshape\/"]}]}},"_links":{"self":[{"href":"https:\/\/www.pipedesign.it\/it\/wp-json\/wp\/v2\/pages\/11505","targetHints":{"allow":["GET"]}}],"collection":[{"href":"https:\/\/www.pipedesign.it\/it\/wp-json\/wp\/v2\/pages"}],"about":[{"href":"https:\/\/www.pipedesign.it\/it\/wp-json\/wp\/v2\/types\/page"}],"author":[{"embeddable":true,"href":"https:\/\/www.pipedesign.it\/it\/wp-json\/wp\/v2\/users\/2"}],"replies":[{"embeddable":true,"href":"https:\/\/www.pipedesign.it\/it\/wp-json\/wp\/v2\/comments?post=11505"}],"version-history":[{"count":0,"href":"https:\/\/www.pipedesign.it\/it\/wp-json\/wp\/v2\/pages\/11505\/revisions"}],"wp:featuredmedia":[{"embeddable":true,"href":"https:\/\/www.pipedesign.it\/it\/wp-json\/wp\/v2\/media\/8077"}],"wp:attachment":[{"href":"https:\/\/www.pipedesign.it\/it\/wp-json\/wp\/v2\/media?parent=11505"}],"curies":[{"name":"wp","href":"https:\/\/api.w.org\/{rel}","templated":true}]}}